{"id":245,"date":"2017-06-02T00:40:09","date_gmt":"2017-06-01T22:40:09","guid":{"rendered":"http:\/\/www.naigcoiffure.fr\/rdv\/login\/"},"modified":"2018-10-19T16:50:36","modified_gmt":"2018-10-19T14:50:36","slug":"login","status":"publish","type":"page","link":"https:\/\/www.naigcoiffure.fr\/rdv\/login\/","title":{"rendered":"Se connecter"},"content":{"rendered":"<p>Vous devez avoir un compte pour prendre rendez-vous.<br \/>\n<a href=\"https:\/\/www.naigcoiffure.fr\/rdv\/register\/\">Je veux cr\u00e9er mon compte<\/a><\/p>\n<p>J&rsquo;ai d\u00e9j\u00e0 un compte, je me connecte :<br \/>\n<div class=\"tml tml-login\">\n<div class=\"tml-alerts\"><\/div><form name=\"login\" action=\"https:\/\/www.naigcoiffure.fr\/rdv\/login\/\" method=\"post\">\n<div class=\"tml-field-wrap tml-log-wrap\">\n<label class=\"tml-label\" for=\"user_login\">E-mail<\/label>\n<input name=\"log\" type=\"text\" value=\"\" id=\"user_login\" autocapitalize=\"off\" class=\"tml-field\">\n<\/div>\n\n<div class=\"tml-field-wrap tml-pwd-wrap\">\n<label class=\"tml-label\" for=\"user_pass\">Mot de passe<\/label>\n<input name=\"pwd\" type=\"password\" value=\"\" id=\"user_pass\" class=\"tml-field\">\n<\/div>\n\n\n<div class=\"tml-field-wrap tml-rememberme-wrap\">\n<input name=\"rememberme\" type=\"checkbox\" value=\"forever\" id=\"rememberme\" class=\"tml-checkbox\">\n<label class=\"tml-label\" for=\"rememberme\">Se souvenir de moi<\/label>\n<\/div>\n\n<div class=\"tml-field-wrap tml-submit-wrap\">\n<button name=\"submit\" type=\"submit\" class=\"tml-button\">Se connecter<\/button>\n<\/div>\n\n<input name=\"redirect_to\" type=\"hidden\" value=\"https:\/\/www.naigcoiffure.fr\/rdv\/wp-admin\/\">\n\n<\/form>\n<ul class=\"tml-links\"><li class=\"tml-register-link\"><a href=\"https:\/\/www.naigcoiffure.fr\/rdv\/register\/\">Inscription<\/a><\/li><li class=\"tml-lostpassword-link\"><a href=\"https:\/\/www.naigcoiffure.fr\/rdv\/lostpassword\/\">Mot de passe oubli\u00e9\u00a0?<\/a><\/li><\/ul><\/div>\n<\/p>\n","protected":false},"excerpt":{"rendered":"<p>Vous devez avoir un compte pour prendre rendez-vous. Je veux cr\u00e9er mon compte J&rsquo;ai d\u00e9j\u00e0 un compte, je me connecte :<\/p>\n","protected":false},"author":43,"featured_media":0,"parent":0,"menu_order":0,"comment_status":"closed","ping_status":"closed","template":"","meta":{"jetpack_post_was_ever_published":false,"footnotes":""},"class_list":["post-245","page","type-page","status-publish","hentry"],"yoast_head":"<!-- This site is optimized with the Yoast SEO plugin v27.4 - https:\/\/yoast.com\/product\/yoast-seo-wordpress\/ -->\n<title>Se connecter - Prendre un rendez vous<\/title>\n<meta name=\"robots\" content=\"index, follow, max-snippet:-1, max-image-preview:large, max-video-preview:-1\" \/>\n<link rel=\"canonical\" href=\"https:\/\/www.naigcoiffure.fr\/rdv\/login\/\" \/>\n<meta property=\"og:locale\" content=\"fr_FR\" \/>\n<meta property=\"og:type\" content=\"article\" \/>\n<meta property=\"og:title\" content=\"Se connecter - Prendre un rendez vous\" \/>\n<meta property=\"og:description\" content=\"Vous devez avoir un compte pour prendre rendez-vous. Je veux cr\u00e9er mon compte J&rsquo;ai d\u00e9j\u00e0 un compte, je me connecte :\" \/>\n<meta property=\"og:url\" content=\"https:\/\/www.naigcoiffure.fr\/rdv\/login\/\" \/>\n<meta property=\"og:site_name\" content=\"Prendre un rendez vous\" \/>\n<meta property=\"article:publisher\" content=\"https:\/\/www.facebook.com\/SalonNaigCoiffure\/\" \/>\n<meta property=\"article:modified_time\" content=\"2018-10-19T14:50:36+00:00\" \/>\n<meta name=\"twitter:card\" content=\"summary_large_image\" \/>\n<script type=\"application\/ld+json\" class=\"yoast-schema-graph\">{\"@context\":\"https:\\\/\\\/schema.org\",\"@graph\":[{\"@type\":\"WebPage\",\"@id\":\"https:\\\/\\\/www.naigcoiffure.fr\\\/rdv\\\/login\\\/\",\"url\":\"https:\\\/\\\/www.naigcoiffure.fr\\\/rdv\\\/login\\\/\",\"name\":\"Se connecter - Prendre un rendez vous\",\"isPartOf\":{\"@id\":\"https:\\\/\\\/www.naigcoiffure.fr\\\/rdv\\\/#website\"},\"datePublished\":\"2017-06-01T22:40:09+00:00\",\"dateModified\":\"2018-10-19T14:50:36+00:00\",\"breadcrumb\":{\"@id\":\"https:\\\/\\\/www.naigcoiffure.fr\\\/rdv\\\/login\\\/#breadcrumb\"},\"inLanguage\":\"fr-FR\",\"potentialAction\":[{\"@type\":\"ReadAction\",\"target\":[\"https:\\\/\\\/www.naigcoiffure.fr\\\/rdv\\\/login\\\/\"]}]},{\"@type\":\"BreadcrumbList\",\"@id\":\"https:\\\/\\\/www.naigcoiffure.fr\\\/rdv\\\/login\\\/#breadcrumb\",\"itemListElement\":[{\"@type\":\"ListItem\",\"position\":1,\"name\":\"Accueil\",\"item\":\"https:\\\/\\\/www.naigcoiffure.fr\\\/rdv\\\/\"},{\"@type\":\"ListItem\",\"position\":2,\"name\":\"Se connecter\"}]},{\"@type\":\"WebSite\",\"@id\":\"https:\\\/\\\/www.naigcoiffure.fr\\\/rdv\\\/#website\",\"url\":\"https:\\\/\\\/www.naigcoiffure.fr\\\/rdv\\\/\",\"name\":\"Prendre un rendez vous\",\"description\":\"Dans votre salon Na\u00efg Coiffure\",\"publisher\":{\"@id\":\"https:\\\/\\\/www.naigcoiffure.fr\\\/rdv\\\/#organization\"},\"potentialAction\":[{\"@type\":\"SearchAction\",\"target\":{\"@type\":\"EntryPoint\",\"urlTemplate\":\"https:\\\/\\\/www.naigcoiffure.fr\\\/rdv\\\/?s={search_term_string}\"},\"query-input\":{\"@type\":\"PropertyValueSpecification\",\"valueRequired\":true,\"valueName\":\"search_term_string\"}}],\"inLanguage\":\"fr-FR\"},{\"@type\":\"Organization\",\"@id\":\"https:\\\/\\\/www.naigcoiffure.fr\\\/rdv\\\/#organization\",\"name\":\"Salon Na\u00efg Coiffure\",\"url\":\"https:\\\/\\\/www.naigcoiffure.fr\\\/rdv\\\/\",\"logo\":{\"@type\":\"ImageObject\",\"inLanguage\":\"fr-FR\",\"@id\":\"https:\\\/\\\/www.naigcoiffure.fr\\\/rdv\\\/#\\\/schema\\\/logo\\\/image\\\/\",\"url\":\"https:\\\/\\\/www.naigcoiffure.fr\\\/rdv\\\/wp-content\\\/uploads\\\/2016\\\/11\\\/cropped-cropped-NCarre-3.jpg\",\"contentUrl\":\"https:\\\/\\\/www.naigcoiffure.fr\\\/rdv\\\/wp-content\\\/uploads\\\/2016\\\/11\\\/cropped-cropped-NCarre-3.jpg\",\"width\":250,\"height\":250,\"caption\":\"Salon Na\u00efg Coiffure\"},\"image\":{\"@id\":\"https:\\\/\\\/www.naigcoiffure.fr\\\/rdv\\\/#\\\/schema\\\/logo\\\/image\\\/\"},\"sameAs\":[\"https:\\\/\\\/www.facebook.com\\\/SalonNaigCoiffure\\\/\",\"https:\\\/\\\/fr.pinterest.com\\\/nagcoiffure\\\/\",\"https:\\\/\\\/www.youtube.com\\\/channel\\\/UCcV7N3vUbr_ryvN6j_41xyQ\"]}]}<\/script>\n<!-- \/ Yoast SEO plugin. -->","yoast_head_json":{"title":"Se connecter - Prendre un rendez vous","robots":{"index":"index","follow":"follow","max-snippet":"max-snippet:-1","max-image-preview":"max-image-preview:large","max-video-preview":"max-video-preview:-1"},"canonical":"https:\/\/www.naigcoiffure.fr\/rdv\/login\/","og_locale":"fr_FR","og_type":"article","og_title":"Se connecter - Prendre un rendez vous","og_description":"Vous devez avoir un compte pour prendre rendez-vous. Je veux cr\u00e9er mon compte J&rsquo;ai d\u00e9j\u00e0 un compte, je me connecte :","og_url":"https:\/\/www.naigcoiffure.fr\/rdv\/login\/","og_site_name":"Prendre un rendez vous","article_publisher":"https:\/\/www.facebook.com\/SalonNaigCoiffure\/","article_modified_time":"2018-10-19T14:50:36+00:00","twitter_card":"summary_large_image","schema":{"@context":"https:\/\/schema.org","@graph":[{"@type":"WebPage","@id":"https:\/\/www.naigcoiffure.fr\/rdv\/login\/","url":"https:\/\/www.naigcoiffure.fr\/rdv\/login\/","name":"Se connecter - Prendre un rendez vous","isPartOf":{"@id":"https:\/\/www.naigcoiffure.fr\/rdv\/#website"},"datePublished":"2017-06-01T22:40:09+00:00","dateModified":"2018-10-19T14:50:36+00:00","breadcrumb":{"@id":"https:\/\/www.naigcoiffure.fr\/rdv\/login\/#breadcrumb"},"inLanguage":"fr-FR","potentialAction":[{"@type":"ReadAction","target":["https:\/\/www.naigcoiffure.fr\/rdv\/login\/"]}]},{"@type":"BreadcrumbList","@id":"https:\/\/www.naigcoiffure.fr\/rdv\/login\/#breadcrumb","itemListElement":[{"@type":"ListItem","position":1,"name":"Accueil","item":"https:\/\/www.naigcoiffure.fr\/rdv\/"},{"@type":"ListItem","position":2,"name":"Se connecter"}]},{"@type":"WebSite","@id":"https:\/\/www.naigcoiffure.fr\/rdv\/#website","url":"https:\/\/www.naigcoiffure.fr\/rdv\/","name":"Prendre un rendez vous","description":"Dans votre salon Na\u00efg Coiffure","publisher":{"@id":"https:\/\/www.naigcoiffure.fr\/rdv\/#organization"},"potentialAction":[{"@type":"SearchAction","target":{"@type":"EntryPoint","urlTemplate":"https:\/\/www.naigcoiffure.fr\/rdv\/?s={search_term_string}"},"query-input":{"@type":"PropertyValueSpecification","valueRequired":true,"valueName":"search_term_string"}}],"inLanguage":"fr-FR"},{"@type":"Organization","@id":"https:\/\/www.naigcoiffure.fr\/rdv\/#organization","name":"Salon Na\u00efg Coiffure","url":"https:\/\/www.naigcoiffure.fr\/rdv\/","logo":{"@type":"ImageObject","inLanguage":"fr-FR","@id":"https:\/\/www.naigcoiffure.fr\/rdv\/#\/schema\/logo\/image\/","url":"https:\/\/www.naigcoiffure.fr\/rdv\/wp-content\/uploads\/2016\/11\/cropped-cropped-NCarre-3.jpg","contentUrl":"https:\/\/www.naigcoiffure.fr\/rdv\/wp-content\/uploads\/2016\/11\/cropped-cropped-NCarre-3.jpg","width":250,"height":250,"caption":"Salon Na\u00efg Coiffure"},"image":{"@id":"https:\/\/www.naigcoiffure.fr\/rdv\/#\/schema\/logo\/image\/"},"sameAs":["https:\/\/www.facebook.com\/SalonNaigCoiffure\/","https:\/\/fr.pinterest.com\/nagcoiffure\/","https:\/\/www.youtube.com\/channel\/UCcV7N3vUbr_ryvN6j_41xyQ"]}]}},"jetpack_sharing_enabled":true,"jetpack_shortlink":"https:\/\/wp.me\/P85Rkk-3X","_links":{"self":[{"href":"https:\/\/www.naigcoiffure.fr\/rdv\/wp-json\/wp\/v2\/pages\/245","targetHints":{"allow":["GET"]}}],"collection":[{"href":"https:\/\/www.naigcoiffure.fr\/rdv\/wp-json\/wp\/v2\/pages"}],"about":[{"href":"https:\/\/www.naigcoiffure.fr\/rdv\/wp-json\/wp\/v2\/types\/page"}],"author":[{"embeddable":true,"href":"https:\/\/www.naigcoiffure.fr\/rdv\/wp-json\/wp\/v2\/users\/43"}],"replies":[{"embeddable":true,"href":"https:\/\/www.naigcoiffure.fr\/rdv\/wp-json\/wp\/v2\/comments?post=245"}],"version-history":[{"count":2,"href":"https:\/\/www.naigcoiffure.fr\/rdv\/wp-json\/wp\/v2\/pages\/245\/revisions"}],"predecessor-version":[{"id":415,"href":"https:\/\/www.naigcoiffure.fr\/rdv\/wp-json\/wp\/v2\/pages\/245\/revisions\/415"}],"wp:attachment":[{"href":"https:\/\/www.naigcoiffure.fr\/rdv\/wp-json\/wp\/v2\/media?parent=245"}],"curies":[{"name":"wp","href":"https:\/\/api.w.org\/{rel}","templated":true}]}}